{"id":5260,"date":"2026-03-20T15:28:12","date_gmt":"2026-03-20T07:28:12","guid":{"rendered":"https:\/\/www.toyo-led.com\/?page_id=5260"},"modified":"2026-03-20T17:13:10","modified_gmt":"2026-03-20T09:13:10","slug":"toyo-led-mascot","status":"publish","type":"page","link":"https:\/\/www.toyo-led.com\/de\/company-profile\/toyo-led-mascot\/","title":{"rendered":"TOYO LED Maskottchen"},"content":{"rendered":"<div>\n<table style=\"border-collapse: collapse; width: 100%;\">\n<tbody>\n<tr>\n<td style=\"width: 50%;\"><strong><span style=\"font-family: 'times new roman', times; font-size: 14pt;\">Bild<\/span><\/strong><\/td>\n<td style=\"width: 50%;\"><span style=\"font-size: 14pt; font-family: 'times new roman', times;\"><strong>TOYO LED Maskottchen-Vorstellung: Dongyang (Ostschaf)<\/strong><\/span><\/td>\n<\/tr>\n<tr>\n<td style=\"width: 50%;\"><span class=\"a_GcMg font-feature-liga-off font-feature-clig-off font-feature-calt-off text-decoration-none text-strikethrough-none\" style=\"font-family: 'times new roman', times;\"><a href=\"https:\/\/www.toyo-led.com\/wp-content\/uploads\/2026\/03\/\u672a\u547d\u540d\u8a2d\u8a08-2026-03-13T173357.481.png\"><img loading=\"lazy\" decoding=\"async\" class=\"wp-image-5261 aligncenter\" src=\"https:\/\/www.toyo-led.com\/wp-content\/uploads\/2026\/03\/\u672a\u547d\u540d\u8a2d\u8a08-2026-03-13T173357.481.png\" alt=\"\" width=\"601\" height=\"902\" srcset=\"https:\/\/www.toyo-led.com\/wp-content\/uploads\/2026\/03\/\u672a\u547d\u540d\u8a2d\u8a08-2026-03-13T173357.481.png 1560w, https:\/\/www.toyo-led.com\/wp-content\/uploads\/2026\/03\/\u672a\u547d\u540d\u8a2d\u8a08-2026-03-13T173357.481-200x300.png 200w, https:\/\/www.toyo-led.com\/wp-content\/uploads\/2026\/03\/\u672a\u547d\u540d\u8a2d\u8a08-2026-03-13T173357.481-683x1024.png 683w, https:\/\/www.toyo-led.com\/wp-content\/uploads\/2026\/03\/\u672a\u547d\u540d\u8a2d\u8a08-2026-03-13T173357.481-768x1152.png 768w, https:\/\/www.toyo-led.com\/wp-content\/uploads\/2026\/03\/\u672a\u547d\u540d\u8a2d\u8a08-2026-03-13T173357.481-1024x1536.png 1024w, https:\/\/www.toyo-led.com\/wp-content\/uploads\/2026\/03\/\u672a\u547d\u540d\u8a2d\u8a08-2026-03-13T173357.481-1365x2048.png 1365w, https:\/\/www.toyo-led.com\/wp-content\/uploads\/2026\/03\/\u672a\u547d\u540d\u8a2d\u8a08-2026-03-13T173357.481-1170x1755.png 1170w, https:\/\/www.toyo-led.com\/wp-content\/uploads\/2026\/03\/\u672a\u547d\u540d\u8a2d\u8a08-2026-03-13T173357.481-600x900.png 600w\" sizes=\"auto, (max-width: 601px) 100vw, 601px\" \/><\/a><\/span><\/td>\n<td style=\"width: 50%;\"><span style=\"font-size: 14pt; font-family: 'times new roman', times;\"><strong>Dongyang<\/strong> ist das offizielle Maskottchen von TOYO LED Electronics Ltd., einem in Hongkong ans\u00e4ssigen Hersteller von LED-Elektronikkomponenten. Der Name kombiniert auf clevere Weise die chinesischen Schriftzeichen f\u00fcr \u201eOsten\u201c (\u4e1c) und \u201eSchaf\u201c (sheep) und symbolisiert so \u201edas Schaf des Ostens\u201c (\u4e1c\u7f8a). Er vermittelt ein niedliches, herzliches und zug\u00e4ngliches Image.<\/span><\/p>\n<p><span style=\"font-size: 14pt; font-family: 'times new roman', times;\"><strong>Charakterdesign<\/strong><\/span><\/p>\n<p><span style=\"font-size: 14pt; font-family: 'times new roman', times;\">Aussehen: Ein rundes, flauschiges wei\u00dfes Schaf mit gro\u00dfen, runden schwarzen Augen, rosigen Wangen und einem sch\u00fcchternen Ausdruck mit drei Schnurrhaaren \u2013 einfach liebenswert.<\/span><\/p>\n<p><span style=\"font-size: 14pt; font-family: 'times new roman', times;\">Kleidung: Tr\u00e4gt einen wei\u00df gestreiften Laborkittel (\u00e4hnlich einem Ingenieur oder Forscher) mit einem markanten roten, runden Logo von TOYO LED ELECTRONICS LTD. auf der Brust, das es als kleines Firmenmaskottchen kennzeichnet.<\/span><\/p>\n<p><span style=\"font-size: 14pt; font-family: 'times new roman', times;\">Accessoires: Tr\u00e4gt eine wei\u00dfe Baseballkappe (oder Arbeitsm\u00fctze), die dem Maskottchen eine jugendliche, lebendige und modische Note verleiht und es nicht nur niedlich, sondern auch professionell und kompetent wirken l\u00e4sst.<\/span><\/p>\n<p><span style=\"font-size: 14pt; font-family: 'times new roman', times;\">Gesamtstil: Ein niedliches Maskottchen im Chibi-Stil mit kurzen Armen und Beinen und \u00fcbertriebenen Proportionen, typisch f\u00fcr den japanisch-hongkonger Stil. Ideal f\u00fcr Social Media, Produktverpackungen, Messen und Mitarbeiterwerbung.<\/span><\/p>\n<p><span style=\"font-size: 14pt; font-family: 'times new roman', times;\"><strong>Symbolische Bedeutung:<\/strong><\/span><\/p>\n<p><span style=\"font-size: 14pt; font-family: 'times new roman', times;\">Schaf \u2192 Sanft, harmonisch und zart \u2192 Vermittelt den Eindruck von \u201esanftem Licht\u201c bei LED-Produkten und symbolisiert die zuverl\u00e4ssige und bodenst\u00e4ndige Herangehensweise des Unternehmens.<\/span><\/p>\n<p><span style=\"font-size: 14pt; font-family: 'times new roman', times;\">Toyo \u2192 Der Firmenname ist mit \u00f6stlicher und japanischer Handwerkskunst verbunden (obwohl es sich um ein Hongkonger Unternehmen handelt, ist ein niedlicher japanischer Stil \u00fcblich).<\/span><\/p>\n<p><span style=\"font-size: 14pt; font-family: 'times new roman', times;\">LED-Element \u2192 Obwohl das Schaf selbst kein Licht ausstrahlt, symbolisiert das Tragen der Firmenuniform \u201eWir sind Lichtexperten\u201c und vermittelt so indirekt das professionelle Image von TOYO LED.<\/span><\/p>\n<p><span style=\"font-size: 14pt; font-family: 'times new roman', times;\">Das Schaf ist aktuell vor allem in der Unternehmenskultur, in Social-Media-Posts, auf Merchandise-Artikeln und bei Events pr\u00e4sent. Es soll der seri\u00f6sen Elektronikindustrie W\u00e4rme und Zug\u00e4nglichkeit verleihen und die Marke f\u00fcr Kunden und junge Ingenieure einpr\u00e4gsamer machen.<\/span><\/p>\n<p><span style=\"font-size: 14pt; font-family: 'times new roman', times;\"><strong>Zusammengefasst:<\/strong><\/span><\/p>\n<p><span style=\"font-size: 14pt; font-family: 'times new roman', times;\">\u201eDongyang ist TOYO LEDs liebenswerter kleiner Ingenieur, der mit seinem flauschigen L\u00e4cheln dazu beitr\u00e4gt, dass das Unternehmen Licht in die Herzen aller bringt.\u201c \ud83d\udc11\u2728<\/span><\/td>\n<\/tr>\n<\/tbody>\n<\/table>\n<\/div>\n<div><\/div>","protected":false},"excerpt":{"rendered":"<p>Bild TOYO LED Maskottchen-Vorstellung: Dongyang (O&#8230;<\/p>\n","protected":false},"author":3,"featured_media":0,"parent":1567,"menu_order":0,"comment_status":"closed","ping_status":"closed","template":"","meta":{"_monsterinsights_skip_tracking":false,"_monsterinsights_sitenote_active":false,"_monsterinsights_sitenote_note":"","_monsterinsights_sitenote_category":0,"footnotes":""},"class_list":["post-5260","page","type-page","status-publish","hentry"],"yoast_head":"<!-- This site is optimized with the Yoast SEO plugin v25.9 - https:\/\/yoast.com\/wordpress\/plugins\/seo\/ -->\n<title>TOYO LED Maskottchen - Toyo LED<\/title>\n<meta name=\"description\" content=\"&nbsp; Image TOYO LED Mascot Introduction: Dongyang (East Sheep)\u00a0 Dongyang is the official mascot of TOYO LED Electronics Ltd., a Hong Kong-based LED\" \/>\n<meta name=\"robots\" content=\"index, follow, max-snippet:-1, max-image-preview:large, max-video-preview:-1\" \/>\n<link rel=\"canonical\" href=\"https:\/\/www.toyo-led.com\/de\/company-profile\/toyo-led-mascot\/\" \/>\n<meta property=\"og:locale\" content=\"de_DE\" \/>\n<meta property=\"og:type\" content=\"article\" \/>\n<meta property=\"og:title\" content=\"TOYO LED Maskottchen - Toyo LED\" \/>\n<meta property=\"og:description\" content=\"&nbsp; Image TOYO LED Mascot Introduction: Dongyang (East Sheep)\u00a0 Dongyang is the official mascot of TOYO LED Electronics Ltd., a Hong Kong-based LED\" \/>\n<meta property=\"og:url\" content=\"https:\/\/www.toyo-led.com\/de\/company-profile\/toyo-led-mascot\/\" \/>\n<meta property=\"og:site_name\" content=\"Toyo LED\" \/>\n<meta property=\"article:publisher\" content=\"https:\/\/www.facebook.com\/toyoled\" \/>\n<meta property=\"article:modified_time\" content=\"2026-03-20T09:13:10+00:00\" \/>\n<meta name=\"twitter:card\" content=\"summary_large_image\" \/>\n<meta name=\"twitter:site\" content=\"@TOYOLED\" \/>\n<meta name=\"twitter:label1\" content=\"Gesch\u00e4tzte Lesezeit\" \/>\n\t<meta name=\"twitter:data1\" content=\"2\u00a0Minuten\" \/>\n<script type=\"application\/ld+json\" class=\"yoast-schema-graph\">{\"@context\":\"https:\/\/schema.org\",\"@graph\":[{\"@type\":\"WebPage\",\"@id\":\"https:\/\/www.toyo-led.com\/de\/company-profile\/toyo-led-mascot\/\",\"url\":\"https:\/\/www.toyo-led.com\/de\/company-profile\/toyo-led-mascot\/\",\"name\":\"TOYO LED Maskottchen - Toyo LED\",\"isPartOf\":{\"@id\":\"https:\/\/www.toyo-led.com\/de\/#website\"},\"datePublished\":\"2026-03-20T07:28:12+00:00\",\"dateModified\":\"2026-03-20T09:13:10+00:00\",\"description\":\"&nbsp; Image TOYO LED Mascot Introduction: Dongyang (East Sheep)\u00a0 Dongyang is the official mascot of TOYO LED Electronics Ltd., a Hong Kong-based LED\",\"breadcrumb\":{\"@id\":\"https:\/\/www.toyo-led.com\/de\/company-profile\/toyo-led-mascot\/#breadcrumb\"},\"inLanguage\":\"de\",\"potentialAction\":[{\"@type\":\"ReadAction\",\"target\":[[\"https:\/\/www.toyo-led.com\/de\/company-profile\/toyo-led-mascot\/\"]]}]},{\"@type\":\"BreadcrumbList\",\"@id\":\"https:\/\/www.toyo-led.com\/de\/company-profile\/toyo-led-mascot\/#breadcrumb\",\"itemListElement\":[{\"@type\":\"ListItem\",\"position\":1,\"name\":\"Home\",\"item\":\"https:\/\/www.toyo-led.com\/de\/\"},{\"@type\":\"ListItem\",\"position\":2,\"name\":\"Company Profile\",\"item\":\"https:\/\/www.toyo-led.com\/de\/company-profile\/\"},{\"@type\":\"ListItem\",\"position\":3,\"name\":\"TOYO LED Mascot\"}]},{\"@type\":\"WebSite\",\"@id\":\"https:\/\/www.toyo-led.com\/de\/#website\",\"url\":\"https:\/\/www.toyo-led.com\/de\/\",\"name\":\"Toyo LED\",\"description\":\"toyo led\",\"publisher\":{\"@id\":\"https:\/\/www.toyo-led.com\/de\/#organization\"},\"potentialAction\":[{\"@type\":\"SearchAction\",\"target\":{\"@type\":\"EntryPoint\",\"urlTemplate\":\"https:\/\/www.toyo-led.com\/de\/?s={search_term_string}\"},\"query-input\":{\"@type\":\"PropertyValueSpecification\",\"valueRequired\":true,\"valueName\":\"search_term_string\"}}],\"inLanguage\":\"de\"},{\"@type\":\"Organization\",\"@id\":\"https:\/\/www.toyo-led.com\/de\/#organization\",\"name\":\"TOYO LED ELECTRONICS Ltd.\",\"url\":\"https:\/\/www.toyo-led.com\/de\/\",\"logo\":{\"@type\":\"ImageObject\",\"inLanguage\":\"de\",\"@id\":\"https:\/\/www.toyo-led.com\/de\/#\/schema\/logo\/image\/\",\"url\":\"https:\/\/www.toyo-led.com\/wp-content\/uploads\/2025\/08\/\u672a\u547d\u540d\u8a2d\u8a08-37.png\",\"contentUrl\":\"https:\/\/www.toyo-led.com\/wp-content\/uploads\/2025\/08\/\u672a\u547d\u540d\u8a2d\u8a08-37.png\",\"width\":512,\"height\":512,\"caption\":\"TOYO LED ELECTRONICS Ltd.\"},\"image\":{\"@id\":\"https:\/\/www.toyo-led.com\/de\/#\/schema\/logo\/image\/\"},\"sameAs\":[\"https:\/\/www.facebook.com\/toyoled\",\"https:\/\/x.com\/TOYOLED\"]}]}<\/script>\n<!-- \/ Yoast SEO plugin. -->","yoast_head_json":{"title":"TOYO LED Maskottchen - Toyo LED","description":"&nbsp; Image TOYO LED Mascot Introduction: Dongyang (East Sheep)\u00a0 Dongyang is the official mascot of TOYO LED Electronics Ltd., a Hong Kong-based LED","robots":{"index":"index","follow":"follow","max-snippet":"max-snippet:-1","max-image-preview":"max-image-preview:large","max-video-preview":"max-video-preview:-1"},"canonical":"https:\/\/www.toyo-led.com\/de\/company-profile\/toyo-led-mascot\/","og_locale":"de_DE","og_type":"article","og_title":"TOYO LED Maskottchen - Toyo LED","og_description":"&nbsp; Image TOYO LED Mascot Introduction: Dongyang (East Sheep)\u00a0 Dongyang is the official mascot of TOYO LED Electronics Ltd., a Hong Kong-based LED","og_url":"https:\/\/www.toyo-led.com\/de\/company-profile\/toyo-led-mascot\/","og_site_name":"Toyo LED","article_publisher":"https:\/\/www.facebook.com\/toyoled","article_modified_time":"2026-03-20T09:13:10+00:00","twitter_card":"summary_large_image","twitter_site":"@TOYOLED","twitter_misc":{"Gesch\u00e4tzte Lesezeit":"2\u00a0Minuten"},"schema":{"@context":"https:\/\/schema.org","@graph":[{"@type":"WebPage","@id":"https:\/\/www.toyo-led.com\/de\/company-profile\/toyo-led-mascot\/","url":"https:\/\/www.toyo-led.com\/de\/company-profile\/toyo-led-mascot\/","name":"TOYO LED Maskottchen - Toyo LED","isPartOf":{"@id":"https:\/\/www.toyo-led.com\/de\/#website"},"datePublished":"2026-03-20T07:28:12+00:00","dateModified":"2026-03-20T09:13:10+00:00","description":"&nbsp; Image TOYO LED Mascot Introduction: Dongyang (East Sheep)\u00a0 Dongyang is the official mascot of TOYO LED Electronics Ltd., a Hong Kong-based LED","breadcrumb":{"@id":"https:\/\/www.toyo-led.com\/de\/company-profile\/toyo-led-mascot\/#breadcrumb"},"inLanguage":"de","potentialAction":[{"@type":"ReadAction","target":[["https:\/\/www.toyo-led.com\/de\/company-profile\/toyo-led-mascot\/"]]}]},{"@type":"BreadcrumbList","@id":"https:\/\/www.toyo-led.com\/de\/company-profile\/toyo-led-mascot\/#breadcrumb","itemListElement":[{"@type":"ListItem","position":1,"name":"Home","item":"https:\/\/www.toyo-led.com\/de\/"},{"@type":"ListItem","position":2,"name":"Company Profile","item":"https:\/\/www.toyo-led.com\/de\/company-profile\/"},{"@type":"ListItem","position":3,"name":"TOYO LED Mascot"}]},{"@type":"WebSite","@id":"https:\/\/www.toyo-led.com\/de\/#website","url":"https:\/\/www.toyo-led.com\/de\/","name":"Toyo LED","description":"toyo led","publisher":{"@id":"https:\/\/www.toyo-led.com\/de\/#organization"},"potentialAction":[{"@type":"SearchAction","target":{"@type":"EntryPoint","urlTemplate":"https:\/\/www.toyo-led.com\/de\/?s={search_term_string}"},"query-input":{"@type":"PropertyValueSpecification","valueRequired":true,"valueName":"search_term_string"}}],"inLanguage":"de"},{"@type":"Organization","@id":"https:\/\/www.toyo-led.com\/de\/#organization","name":"TOYO LED ELECTRONICS Ltd.","url":"https:\/\/www.toyo-led.com\/de\/","logo":{"@type":"ImageObject","inLanguage":"de","@id":"https:\/\/www.toyo-led.com\/de\/#\/schema\/logo\/image\/","url":"https:\/\/www.toyo-led.com\/wp-content\/uploads\/2025\/08\/\u672a\u547d\u540d\u8a2d\u8a08-37.png","contentUrl":"https:\/\/www.toyo-led.com\/wp-content\/uploads\/2025\/08\/\u672a\u547d\u540d\u8a2d\u8a08-37.png","width":512,"height":512,"caption":"TOYO LED ELECTRONICS Ltd."},"image":{"@id":"https:\/\/www.toyo-led.com\/de\/#\/schema\/logo\/image\/"},"sameAs":["https:\/\/www.facebook.com\/toyoled","https:\/\/x.com\/TOYOLED"]}]}},"_links":{"self":[{"href":"https:\/\/www.toyo-led.com\/de\/wp-json\/wp\/v2\/pages\/5260","targetHints":{"allow":["GET"]}}],"collection":[{"href":"https:\/\/www.toyo-led.com\/de\/wp-json\/wp\/v2\/pages"}],"about":[{"href":"https:\/\/www.toyo-led.com\/de\/wp-json\/wp\/v2\/types\/page"}],"author":[{"embeddable":true,"href":"https:\/\/www.toyo-led.com\/de\/wp-json\/wp\/v2\/users\/3"}],"replies":[{"embeddable":true,"href":"https:\/\/www.toyo-led.com\/de\/wp-json\/wp\/v2\/comments?post=5260"}],"version-history":[{"count":0,"href":"https:\/\/www.toyo-led.com\/de\/wp-json\/wp\/v2\/pages\/5260\/revisions"}],"up":[{"embeddable":true,"href":"https:\/\/www.toyo-led.com\/de\/wp-json\/wp\/v2\/pages\/1567"}],"wp:attachment":[{"href":"https:\/\/www.toyo-led.com\/de\/wp-json\/wp\/v2\/media?parent=5260"}],"curies":[{"name":"wp","href":"https:\/\/api.w.org\/{rel}","templated":true}]}}