{"id":1587,"date":"2016-09-09T01:36:08","date_gmt":"2016-09-09T01:36:08","guid":{"rendered":"http:\/\/www.toyo-led.com\/?page_id=1587"},"modified":"2019-12-25T11:46:50","modified_gmt":"2019-12-25T03:46:50","slug":"terms-and-conditions","status":"publish","type":"page","link":"https:\/\/www.toyo-led.com\/de\/terms-and-conditions\/","title":{"rendered":"Allgemeine Gesch\u00e4ftsbedingungen"},"content":{"rendered":"<div class=\"wpb-content-wrapper\">[vc_row][vc_column][vc_custom_heading text=&#8220;Allgemeine Gesch\u00e4ftsbedingungen&#8220; font_container=&#8220;tag:h1|text_align:center&#8220; use_theme_fonts=&#8220;yes&#8220; sub_heading_tag=&#8220;h1&#8243; el_class=&#8220;own-title&#8220;][vc_single_image image=&#8220;1909&#8243; img_size=&#8220;150&#215;200&#8243; alignment=&#8220;center&#8220; onclick=&#8220;custom_link&#8220; img_link_target=&#8220;_blank&#8220; link=&#8220;http:\/\/www.toyo-led.com\/wp-content\/uploads\/2016\/09\/PI-Terms-Cionditions_160411.pdf&#8220; title=&#8220;<span style=\"font-weight: 400;\">Allgemeine Gesch\u00e4ftsbedingungen der Proforma-Rechnung<\/span>&#8220; css=&#8220;.vc_custom_1474891318558{margin-top: 60px !important;margin-bottom: 60px !important;}&#8220;][vc_separator style=&#8220;dashed&#8220; css=&#8220;.vc_custom_1474891341137{margin-top: 30px !important;margin-bottom: 30px !important;}&#8220;][vc_column_text]<strong>1. Definitionen<\/strong><br \/>\n<strong>Waren: bezeichnet den Gegenstand, der von TOYO an seinen K\u00e4ufer im Rahmen einer Vereinbarung geliefert wird.<\/strong><br \/>\n<strong>TOYO: bezeichnet Toyo LED Electronics Limited.<\/strong><br \/>\n<strong>K\u00e4ufer: bezeichnet den in einer Proformarechnung genannten K\u00e4ufer.<\/strong><br \/>\n<strong>Proforma-Rechnung: bezeichnet eine Proforma-Rechnung, die von TOYO an einen K\u00e4ufer ausgestellt wurde.<\/strong><\/p>\n<p><strong>2. Sofern in der Proforma-Rechnung nicht ausdr\u00fccklich auf andere Dokumente Bezug genommen wird oder wenn die Bezugnahme auf andere Dokumente f\u00fcr die ordnungsgem\u00e4\u00dfe Identifizierung der Waren oder deren Spezifikationen erforderlich ist, enth\u00e4lt die Proforma-Rechnung alle Bedingungen f\u00fcr den Verkauf und Kauf der Waren gem\u00e4\u00df diesen Bedingungen der Proforma-Rechnung und ersetzt alle fr\u00fcheren m\u00fcndlichen oder schriftlichen Mitteilungen, Vereinbarungen, Dokumente und das gegenseitige Verst\u00e4ndnis zwischen TOYO und dem K\u00e4ufer.\u00a0<\/strong><\/p>\n<p><strong>3. F\u00fcr Waren, die nach einem bestimmten Design, Muster oder einer bestimmten Spezifikation des K\u00e4ufers hergestellt werden, garantiert der K\u00e4ufer, dass er entweder der rechtm\u00e4\u00dfige Eigent\u00fcmer aller geistigen Eigentumsrechte oder \u00fcber die rechtm\u00e4\u00dfigen Eigentumsrechte verf\u00fcgt, um die Lieferung von TOYO zu erhalten.<\/strong><\/p>\n<p><strong>4. Mit Ausnahme der Waren, deren geistige Eigentumsrechte TOYO geh\u00f6ren, verpflichtet sich der K\u00e4ufer, TOYO von allen Verlusten und Sch\u00e4den freizustellen und freizuhalten, die TOYO aufgrund von Anspr\u00fcchen und Forderungen nach Verletzung von geistigen Eigentumsrechten in Bezug auf die Waren entstehen.<\/strong><\/p>\n<p><strong>5. TOYO hat das Recht, vom K\u00e4ufer durch Erh\u00f6hung des Kaufpreises in der Proforma-Rechnung oder durch gesonderte Rechnung die nach dem Datum der Proforma-Rechnung entstandenen Mehrkosten von TOYO aufgrund einer pl\u00f6tzlichen Erh\u00f6hung der Kosten f\u00fcr Material oder Komponenten, die TOYO f\u00fcr die Waren verwendet, zu erhalten, und\/oder aufgrund der Tatsache, dass TOYO dem Wunsch des K\u00e4ufers nach \u00c4nderung des Lieferplans und der in einer Lieferung gelieferten Menge oder nach \u00c4nderung der Spezifikationen der Waren nachgekommen ist, und\/oder aufgrund der Verz\u00f6gerung des K\u00e4ufers, TOYO die erforderlichen Informationen zur Verf\u00fcgung zu stellen, damit TOYO den vereinbarten Lieferplan einhalten kann.\u00a0<\/strong><\/p>\n<p><strong>6. Wenn der K\u00e4ufer die Ware nicht abnimmt oder TOYO nicht die notwendigen Anweisungen erteilt, damit TOYO die Lieferung der Ware veranlassen kann, steht es TOYO frei, unbeschadet der Rechte von TOYO auf Schadenersatz und andere Rechtsbehelfe gegen den K\u00e4ufer eine Verl\u00e4ngerung des Liefertermins zu gew\u00e4hren, in dem der K\u00e4ufer f\u00fcr die dadurch entstandenen Lager- und sonstigen Kosten verantwortlich ist und diese an TOYO erstattet oder den Vertrag zwischen TOYO und dem K\u00e4ufer im Rahmen der Proforma-Rechnung aufl\u00f6st. F\u00fcr den Fall, dass TOYO den Vertrag zwischen TOYO und dem K\u00e4ufer im Rahmen der Proforma-Rechnung k\u00fcndigt, ist TOYO berechtigt, die noch nicht an den K\u00e4ufer gelieferten Waren an einen Dritten zu verkaufen, unbeschadet des Rechts von TOYO, vom K\u00e4ufer Schadensersatz zu verlangen.<\/strong><\/p>\n<p><strong>7. Das Risiko des Verlusts und der Besch\u00e4digung der Waren geht auf den K\u00e4ufer \u00fcber, wenn die Waren von TOYO oder dem Vertreter von TOYO oder dem vom K\u00e4ufer benannten Spediteur oder Vertreter des K\u00e4ufers abgeholt werden, oder wenn die Waren von TOYO oder dem Spediteur von TOYO an den vom K\u00e4ufer benannten Lieferort geliefert werden.<\/strong><\/p>\n<p><strong>8. Der K\u00e4ufer hat keinerlei Anspr\u00fcche gegen TOYO und stellt TOYO von allen Verlusten und Sch\u00e4den frei, die TOYO in Bezug auf Konstruktionsm\u00e4ngel an den Waren, bei denen das Design vom K\u00e4ufer zur Verf\u00fcgung gestellt wird, oder in Bezug auf Fehler oder Fehlbeschreibungen in Zeichnungen oder Spezifikationen, die vom K\u00e4ufer bereitgestellt oder benannt werden, oder in Bezug auf die Wahl der Komponenten oder Materialien durch den K\u00e4ufer entstehen.<\/strong><\/p>\n<p><strong>9. TOYO ist dem K\u00e4ufer oder einer anderen Partei gegen\u00fcber nicht verantwortlich f\u00fcr Verluste und Sch\u00e4den, die durch (a) eine nicht den Anweisungen des Verk\u00e4ufers entsprechende Verwendung der Waren, (b) Sch\u00e4den an den Waren, die durch vors\u00e4tzliches Handeln, Unterlassen oder Fahrl\u00e4ssigkeit des K\u00e4ufers oder des Rechtsnachfolgers oder Vertreters des K\u00e4ufers verursacht wurden, oder (c) M\u00e4ngel an Teilen, Komponenten oder Materialien, die der K\u00e4ufer TOYO f\u00fcr die Herstellung der Waren geliefert hat.<\/strong><\/p>\n<p><strong>10. Es wird davon ausgegangen, dass der K\u00e4ufer die Waren angenommen hat und keinen Anspruch auf TOYO wegen eines Mangels an Qualit\u00e4t oder physischem Zustand der Waren hat, wenn der K\u00e4ufer von TOYO nicht innerhalb einer angemessenen Frist von h\u00f6chstens 14 Tagen nach (i) dem Datum, an dem der K\u00e4ufer zum ersten Mal die M\u00f6glichkeit hat, die Waren zu besichtigen und zu untersuchen, oder (ii) dem Datum, an dem die Waren entweder vom K\u00e4ufer oder dem vom K\u00e4ufer benannten Transportmittel oder Vertreter des K\u00e4ufers abgeholt oder an den vom K\u00e4ufer benannten Lieferort geliefert wurden, je nachdem, welches Datum fr\u00fcher liegt.<\/strong><\/p>\n<p><strong>11. Nach Erhalt einer g\u00fcltigen Reklamation des K\u00e4ufers oder eines Mangels an von TOYO verkauften Waren, f\u00fcr den TOYO verantwortlich ist, kann TOYO w\u00e4hlen, ob (a) die defekten Waren auf eigene Kosten und Transportkosten von TOYO ersetzt werden sollen oder (b) der Preis (wenn die Zahlung bereits erfolgt ist) der defekten Waren an den K\u00e4ufer zur\u00fcckgezahlt werden soll. Der K\u00e4ufer hat keinen weiteren Anspruch gegen TOYO.<\/strong><\/p>\n<p><strong>12. (a) Die von TOYO an den K\u00e4ufer gelieferten Waren bleiben das alleinige und absolute Eigentum von TOYO, bis der K\u00e4ufer den Preis der Waren vollst\u00e4ndig bezahlt hat, zusammen mit dem vollen Preis aller anderen Waren, die von TOYO an den K\u00e4ufer geliefert wurden.<\/strong><\/p>\n<p><strong>(b) Der K\u00e4ufer erkennt an, dass der K\u00e4ufer nach Erhalt der Lieferung der Waren durch den K\u00e4ufer oder den Vertreter oder Beauftragten des K\u00e4ufers im Besitz der Waren als Verwahrer f\u00fcr TOYO ist, bis der K\u00e4ufer den Preis der Waren vollst\u00e4ndig zusammen mit dem vollen Preis f\u00fcr alle anderen von TOYO an den K\u00e4ufer gelieferten Waren bezahlt hat. (c) Bis der K\u00e4ufer das Eigentum an den Waren gem\u00e4\u00df den vorliegenden Bedingungen erworben hat, verwahrt der K\u00e4ufer den Erl\u00f6s aus der Weiterver\u00e4u\u00dferung der Waren durch den K\u00e4ufer treuh\u00e4nderisch f\u00fcr TOYO.<\/strong><\/p>\n<p><strong>13. TOYO hat ein Pfandrecht an allen Werkzeug, Form-, und Pr\u00fcfvorrichtungen und -einrichtungen, die von dem K\u00e4ufer zur Verf\u00fcgung gestellt oder auf seine Kosten hergestellt werden, gegen vollst\u00e4ndige Bezahlung aller Forderungen des K\u00e4ufers an TOYO.<\/strong><\/p>\n<p><strong>14. F\u00fcr den Fall, dass der K\u00e4ufer die Rechnung oder Lastschrift von TOYO nicht rechtzeitig bezahlt, ist TOYO berechtigt, die weitere Lieferung der Waren an den K\u00e4ufer unter derselben oder einer anderen Proformarechnung(en) von TOYO an den K\u00e4ufer zur\u00fcckzuhalten, bis alle \u00fcberf\u00e4lligen Zahlungen bei TOYO eingegangen sind. TOYO ist nicht verantwortlich f\u00fcr Verluste oder Sch\u00e4den des K\u00e4ufers, die sich aus der rechtm\u00e4\u00dfigen Aus\u00fcbung des Rechts von TOYO ergeben, die Lieferung der Waren \u00fcber den urspr\u00fcnglichen Liefertermin hinaus zur\u00fcckzuhalten.\u00a0<\/strong><\/p>\n<p><strong>15. F\u00fcr den Fall, dass der K\u00e4ufer (a) eine freiwillige Vereinbarung mit seinen Gl\u00e4ubigern (als Einzelperson oder Firma) trifft, (b) in Konkurs geht (als Firma), (c) einer Verwaltungs- oder Empfangsanordnung unterliegt, oder (d) in Liquidation geht (anders als zum Zwecke der Fusion oder Rekonstruktion), oder (e) eine Hypothek des K\u00e4ufers erleidet, um das gesamte Eigentum oder Verm\u00f6gen des K\u00e4ufers in Besitz zu nehmen, oder (f) aufh\u00f6rt oder droht, seine Gesch\u00e4ftst\u00e4tigkeit einzustellen, ist TOYO berechtigt, alle noch nicht ausgef\u00fcllten Proforma-Rechnungen zu stornieren und alle weiteren Lieferungen aus allen Proforma-Rechnungen einzustellen, ohne dass TOYO gegen\u00fcber dem K\u00e4ufer daf\u00fcr haftbar gemacht werden kann, unbeschadet aller anderen Rechte oder Rechtsmittel, die TOYO zur Verf\u00fcgung stehen. Alle ausstehenden Zahlungen, die der K\u00e4ufer an TOYO aus allen Proforma-Rechnungen an den K\u00e4ufer schuldet, werden sofort f\u00e4llig und sind an TOYO zahlbar, unbeschadet einer fr\u00fcheren gegenteiligen Vereinbarung oder Vereinbarung.<\/strong><\/p>\n<p><strong>16. Diese Proforma-Rechnung unterliegt dem Recht von Hongkong.<\/strong>[\/vc_column_text][\/vc_column][\/vc_row]\n<\/div>","protected":false},"excerpt":{"rendered":"<p>[vc_row][vc_column][vc_custom_heading text=&#8220;&#8230;<\/p>\n","protected":false},"author":1,"featured_media":0,"parent":0,"menu_order":0,"comment_status":"closed","ping_status":"closed","template":"","meta":{"_monsterinsights_skip_tracking":false,"_monsterinsights_sitenote_active":false,"_monsterinsights_sitenote_note":"","_monsterinsights_sitenote_category":0,"footnotes":""},"class_list":["post-1587","page","type-page","status-publish","hentry"],"yoast_head":"<!-- This site is optimized with the Yoast SEO plugin v25.9 - https:\/\/yoast.com\/wordpress\/plugins\/seo\/ -->\n<title>Allgemeine Gesch\u00e4ftsbedingungen - Toyo LED<\/title>\n<meta name=\"description\" content=\"1. Definitions Goods: means the subject matter agreed to be supplied by TOYO to its purchaser under a Proforma Invoice. TOYO: means Toyo LED Electronics\" \/>\n<meta name=\"robots\" content=\"index, follow, max-snippet:-1, max-image-preview:large, max-video-preview:-1\" \/>\n<link rel=\"canonical\" href=\"https:\/\/www.toyo-led.com\/de\/terms-and-conditions\/\" \/>\n<meta property=\"og:locale\" content=\"de_DE\" \/>\n<meta property=\"og:type\" content=\"article\" \/>\n<meta property=\"og:title\" content=\"Allgemeine Gesch\u00e4ftsbedingungen - Toyo LED\" \/>\n<meta property=\"og:description\" content=\"1. Definitions Goods: means the subject matter agreed to be supplied by TOYO to its purchaser under a Proforma Invoice. TOYO: means Toyo LED Electronics\" \/>\n<meta property=\"og:url\" content=\"https:\/\/www.toyo-led.com\/de\/terms-and-conditions\/\" \/>\n<meta property=\"og:site_name\" content=\"Toyo LED\" \/>\n<meta property=\"article:publisher\" content=\"https:\/\/www.facebook.com\/toyoled\" \/>\n<meta property=\"article:modified_time\" content=\"2019-12-25T03:46:50+00:00\" \/>\n<meta name=\"twitter:card\" content=\"summary_large_image\" \/>\n<meta name=\"twitter:site\" content=\"@TOYOLED\" \/>\n<meta name=\"twitter:label1\" content=\"Gesch\u00e4tzte Lesezeit\" \/>\n\t<meta name=\"twitter:data1\" content=\"28\u00a0Minuten\" \/>\n<script type=\"application\/ld+json\" class=\"yoast-schema-graph\">{\"@context\":\"https:\/\/schema.org\",\"@graph\":[{\"@type\":\"WebPage\",\"@id\":\"https:\/\/www.toyo-led.com\/de\/terms-and-conditions\/\",\"url\":\"https:\/\/www.toyo-led.com\/de\/terms-and-conditions\/\",\"name\":\"Allgemeine Gesch\u00e4ftsbedingungen - Toyo LED\",\"isPartOf\":{\"@id\":\"https:\/\/www.toyo-led.com\/de\/#website\"},\"datePublished\":\"2016-09-09T01:36:08+00:00\",\"dateModified\":\"2019-12-25T03:46:50+00:00\",\"description\":\"1. Definitions Goods: means the subject matter agreed to be supplied by TOYO to its purchaser under a Proforma Invoice. TOYO: means Toyo LED Electronics\",\"breadcrumb\":{\"@id\":\"https:\/\/www.toyo-led.com\/de\/terms-and-conditions\/#breadcrumb\"},\"inLanguage\":\"de\",\"potentialAction\":[{\"@type\":\"ReadAction\",\"target\":[[\"https:\/\/www.toyo-led.com\/de\/terms-and-conditions\/\"]]}]},{\"@type\":\"BreadcrumbList\",\"@id\":\"https:\/\/www.toyo-led.com\/de\/terms-and-conditions\/#breadcrumb\",\"itemListElement\":[{\"@type\":\"ListItem\",\"position\":1,\"name\":\"Home\",\"item\":\"https:\/\/www.toyo-led.com\/de\/\"},{\"@type\":\"ListItem\",\"position\":2,\"name\":\"Allgemeine Gesch\u00e4ftsbedingungen\"}]},{\"@type\":\"WebSite\",\"@id\":\"https:\/\/www.toyo-led.com\/de\/#website\",\"url\":\"https:\/\/www.toyo-led.com\/de\/\",\"name\":\"Toyo LED\",\"description\":\"toyo led\",\"publisher\":{\"@id\":\"https:\/\/www.toyo-led.com\/de\/#organization\"},\"potentialAction\":[{\"@type\":\"SearchAction\",\"target\":{\"@type\":\"EntryPoint\",\"urlTemplate\":\"https:\/\/www.toyo-led.com\/de\/?s={search_term_string}\"},\"query-input\":{\"@type\":\"PropertyValueSpecification\",\"valueRequired\":true,\"valueName\":\"search_term_string\"}}],\"inLanguage\":\"de\"},{\"@type\":\"Organization\",\"@id\":\"https:\/\/www.toyo-led.com\/de\/#organization\",\"name\":\"TOYO LED ELECTRONICS Ltd.\",\"url\":\"https:\/\/www.toyo-led.com\/de\/\",\"logo\":{\"@type\":\"ImageObject\",\"inLanguage\":\"de\",\"@id\":\"https:\/\/www.toyo-led.com\/de\/#\/schema\/logo\/image\/\",\"url\":\"https:\/\/www.toyo-led.com\/wp-content\/uploads\/2025\/08\/\u672a\u547d\u540d\u8a2d\u8a08-37.png\",\"contentUrl\":\"https:\/\/www.toyo-led.com\/wp-content\/uploads\/2025\/08\/\u672a\u547d\u540d\u8a2d\u8a08-37.png\",\"width\":512,\"height\":512,\"caption\":\"TOYO LED ELECTRONICS Ltd.\"},\"image\":{\"@id\":\"https:\/\/www.toyo-led.com\/de\/#\/schema\/logo\/image\/\"},\"sameAs\":[\"https:\/\/www.facebook.com\/toyoled\",\"https:\/\/x.com\/TOYOLED\"]}]}<\/script>\n<!-- \/ Yoast SEO plugin. -->","yoast_head_json":{"title":"Allgemeine Gesch\u00e4ftsbedingungen - Toyo LED","description":"1. Definitions Goods: means the subject matter agreed to be supplied by TOYO to its purchaser under a Proforma Invoice. TOYO: means Toyo LED Electronics","robots":{"index":"index","follow":"follow","max-snippet":"max-snippet:-1","max-image-preview":"max-image-preview:large","max-video-preview":"max-video-preview:-1"},"canonical":"https:\/\/www.toyo-led.com\/de\/terms-and-conditions\/","og_locale":"de_DE","og_type":"article","og_title":"Allgemeine Gesch\u00e4ftsbedingungen - Toyo LED","og_description":"1. Definitions Goods: means the subject matter agreed to be supplied by TOYO to its purchaser under a Proforma Invoice. TOYO: means Toyo LED Electronics","og_url":"https:\/\/www.toyo-led.com\/de\/terms-and-conditions\/","og_site_name":"Toyo LED","article_publisher":"https:\/\/www.facebook.com\/toyoled","article_modified_time":"2019-12-25T03:46:50+00:00","twitter_card":"summary_large_image","twitter_site":"@TOYOLED","twitter_misc":{"Gesch\u00e4tzte Lesezeit":"28\u00a0Minuten"},"schema":{"@context":"https:\/\/schema.org","@graph":[{"@type":"WebPage","@id":"https:\/\/www.toyo-led.com\/de\/terms-and-conditions\/","url":"https:\/\/www.toyo-led.com\/de\/terms-and-conditions\/","name":"Allgemeine Gesch\u00e4ftsbedingungen - Toyo LED","isPartOf":{"@id":"https:\/\/www.toyo-led.com\/de\/#website"},"datePublished":"2016-09-09T01:36:08+00:00","dateModified":"2019-12-25T03:46:50+00:00","description":"1. Definitions Goods: means the subject matter agreed to be supplied by TOYO to its purchaser under a Proforma Invoice. TOYO: means Toyo LED Electronics","breadcrumb":{"@id":"https:\/\/www.toyo-led.com\/de\/terms-and-conditions\/#breadcrumb"},"inLanguage":"de","potentialAction":[{"@type":"ReadAction","target":[["https:\/\/www.toyo-led.com\/de\/terms-and-conditions\/"]]}]},{"@type":"BreadcrumbList","@id":"https:\/\/www.toyo-led.com\/de\/terms-and-conditions\/#breadcrumb","itemListElement":[{"@type":"ListItem","position":1,"name":"Home","item":"https:\/\/www.toyo-led.com\/de\/"},{"@type":"ListItem","position":2,"name":"Allgemeine Gesch\u00e4ftsbedingungen"}]},{"@type":"WebSite","@id":"https:\/\/www.toyo-led.com\/de\/#website","url":"https:\/\/www.toyo-led.com\/de\/","name":"Toyo LED","description":"toyo led","publisher":{"@id":"https:\/\/www.toyo-led.com\/de\/#organization"},"potentialAction":[{"@type":"SearchAction","target":{"@type":"EntryPoint","urlTemplate":"https:\/\/www.toyo-led.com\/de\/?s={search_term_string}"},"query-input":{"@type":"PropertyValueSpecification","valueRequired":true,"valueName":"search_term_string"}}],"inLanguage":"de"},{"@type":"Organization","@id":"https:\/\/www.toyo-led.com\/de\/#organization","name":"TOYO LED ELECTRONICS Ltd.","url":"https:\/\/www.toyo-led.com\/de\/","logo":{"@type":"ImageObject","inLanguage":"de","@id":"https:\/\/www.toyo-led.com\/de\/#\/schema\/logo\/image\/","url":"https:\/\/www.toyo-led.com\/wp-content\/uploads\/2025\/08\/\u672a\u547d\u540d\u8a2d\u8a08-37.png","contentUrl":"https:\/\/www.toyo-led.com\/wp-content\/uploads\/2025\/08\/\u672a\u547d\u540d\u8a2d\u8a08-37.png","width":512,"height":512,"caption":"TOYO LED ELECTRONICS Ltd."},"image":{"@id":"https:\/\/www.toyo-led.com\/de\/#\/schema\/logo\/image\/"},"sameAs":["https:\/\/www.facebook.com\/toyoled","https:\/\/x.com\/TOYOLED"]}]}},"_links":{"self":[{"href":"https:\/\/www.toyo-led.com\/de\/wp-json\/wp\/v2\/pages\/1587","targetHints":{"allow":["GET"]}}],"collection":[{"href":"https:\/\/www.toyo-led.com\/de\/wp-json\/wp\/v2\/pages"}],"about":[{"href":"https:\/\/www.toyo-led.com\/de\/wp-json\/wp\/v2\/types\/page"}],"author":[{"embeddable":true,"href":"https:\/\/www.toyo-led.com\/de\/wp-json\/wp\/v2\/users\/1"}],"replies":[{"embeddable":true,"href":"https:\/\/www.toyo-led.com\/de\/wp-json\/wp\/v2\/comments?post=1587"}],"version-history":[{"count":0,"href":"https:\/\/www.toyo-led.com\/de\/wp-json\/wp\/v2\/pages\/1587\/revisions"}],"wp:attachment":[{"href":"https:\/\/www.toyo-led.com\/de\/wp-json\/wp\/v2\/media?parent=1587"}],"curies":[{"name":"wp","href":"https:\/\/api.w.org\/{rel}","templated":true}]}}