{"id":1583,"date":"2016-09-09T01:32:48","date_gmt":"2016-09-09T01:32:48","guid":{"rendered":"http:\/\/www.toyo-led.com\/?page_id=1583"},"modified":"2020-01-05T16:17:18","modified_gmt":"2020-01-05T08:17:18","slug":"success-cases","status":"publish","type":"page","link":"https:\/\/www.toyo-led.com\/de\/success-cases\/","title":{"rendered":"Erfolgreiche Fallbeispiele"},"content":{"rendered":"<div class=\"wpb-content-wrapper\">[vc_row][vc_column][vc_custom_heading text=&#8220;Erfolgreiche Fallbeispiele&#8220; font_container=&#8220;tag:h1|text_align:center&#8220; use_theme_fonts=&#8220;yes&#8220; sub_heading_tag=&#8220;h1&#8243; el_class=&#8220;own-title&#8220;][\/vc_column][\/vc_row][vc_row][vc_column][vc_tta_accordion color=&#8220;white&#8220; c_position=&#8220;right&#8220; active_section=&#8220;1&#8243;][vc_tta_section title=&#8220;Erfolgsbeispiel 1&#8243; tab_id=&#8220;1473647836425-edad7e6b-2809&#8243;][vc_row_inner css=&#8220;.vc_custom_1473648334574{margin-top: 20px !important;margin-bottom: 20px !important;}&#8220;][vc_column_inner width=&#8220;1\/3&#8243;][vc_single_image image=&#8220;1681&#8243; img_size=&#8220;123&#215;180&#8243; alignment=&#8220;center&#8220;][\/vc_column_inner][vc_column_inner width=&#8220;1\/3&#8243;][vc_single_image image=&#8220;1682&#8243; img_size=&#8220;123&#215;180&#8243; alignment=&#8220;center&#8220;][\/vc_column_inner][vc_column_inner width=&#8220;1\/3&#8243;][vc_single_image image=&#8220;1683&#8243; img_size=&#8220;123&#215;180&#8243; alignment=&#8220;center&#8220;][\/vc_column_inner][vc_column_inner][vc_column_text]Sch\u00fctzen Sie Ihre Einrichtung mit Sicherheitsprodukten. Mit Tausenden von verf\u00fcgbaren Sicherheitsanwendungen ist dieses Produkt der Ursprung f\u00fcr vertrauensw\u00fcrdige Marken und qualitativ hochwertige Produkte, die Ihre Anforderungen erf\u00fcllen: Wir f\u00fchren Funkger\u00e4te, alle Arten von Schl\u00fcsselschl\u00f6ssern und Zugangskontrollschl\u00f6ssern f\u00fcr Ihre Einrichtung.[\/vc_column_text][\/vc_column_inner][\/vc_row_inner][\/vc_tta_section][vc_tta_section title=&#8220;Erfolgsbeispiel 2&#8243; tab_id=&#8220;1473647836477-8d8746fe-712b&#8220;][vc_row_inner css=&#8220;.vc_custom_1473648540831{margin-top: 20px !important;margin-bottom: 20px !important;}&#8220;][vc_column_inner width=&#8220;1\/2&#8243;][vc_single_image image=&#8220;1687&#8243; img_size=&#8220;full&#8220; alignment=&#8220;center&#8220;][\/vc_column_inner][vc_column_inner width=&#8220;1\/2&#8243;][vc_single_image image=&#8220;1684&#8243; img_size=&#8220;full&#8220; alignment=&#8220;center&#8220;][\/vc_column_inner][vc_column_inner][vc_column_text]\n<p>Flipperautomaten sind sehr beliebt f\u00fcr Volksfeste und in B\u00fcros. Wir verf\u00fcgen \u00fcber eine gro\u00dfe Auswahl an Themenautomaten und alle Maschinen k\u00f6nnen f\u00fcr die Dauer Ihrer Veranstaltung entweder auf Freispiel oder M\u00fcnzbetrieb eingestellt werden.<\/p>\n[\/vc_column_text][\/vc_column_inner][\/vc_row_inner][\/vc_tta_section][\/vc_tta_accordion][\/vc_column][\/vc_row]\n<\/div>","protected":false},"excerpt":{"rendered":"<p>[vc_row][vc_column][vc_custom_heading text=&#8220;&#8230;<\/p>\n","protected":false},"author":1,"featured_media":0,"parent":0,"menu_order":0,"comment_status":"closed","ping_status":"closed","template":"","meta":{"_monsterinsights_skip_tracking":false,"_monsterinsights_sitenote_active":false,"_monsterinsights_sitenote_note":"","_monsterinsights_sitenote_category":0,"footnotes":""},"class_list":["post-1583","page","type-page","status-publish","hentry"],"yoast_head":"<!-- This site is optimized with the Yoast SEO plugin v25.9 - https:\/\/yoast.com\/wordpress\/plugins\/seo\/ -->\n<title>Erfolgreiche Fallbeispiele - Toyo LED<\/title>\n<meta name=\"description\" content=\"Protect your facility with security products . With thousands of security products available, This product is your source for trusted brands and\" \/>\n<meta name=\"robots\" content=\"index, follow, max-snippet:-1, max-image-preview:large, max-video-preview:-1\" \/>\n<link rel=\"canonical\" href=\"https:\/\/www.toyo-led.com\/de\/success-cases\/\" \/>\n<meta property=\"og:locale\" content=\"de_DE\" \/>\n<meta property=\"og:type\" content=\"article\" \/>\n<meta property=\"og:title\" content=\"Erfolgreiche Fallbeispiele - Toyo LED\" \/>\n<meta property=\"og:description\" content=\"Protect your facility with security products . With thousands of security products available, This product is your source for trusted brands and\" \/>\n<meta property=\"og:url\" content=\"https:\/\/www.toyo-led.com\/de\/success-cases\/\" \/>\n<meta property=\"og:site_name\" content=\"Toyo LED\" \/>\n<meta property=\"article:publisher\" content=\"https:\/\/www.facebook.com\/toyoled\" \/>\n<meta property=\"article:modified_time\" content=\"2020-01-05T08:17:18+00:00\" \/>\n<meta name=\"twitter:card\" content=\"summary_large_image\" \/>\n<meta name=\"twitter:site\" content=\"@TOYOLED\" \/>\n<meta name=\"twitter:label1\" content=\"Gesch\u00e4tzte Lesezeit\" \/>\n\t<meta name=\"twitter:data1\" content=\"6\u00a0Minuten\" \/>\n<script type=\"application\/ld+json\" class=\"yoast-schema-graph\">{\"@context\":\"https:\/\/schema.org\",\"@graph\":[{\"@type\":\"WebPage\",\"@id\":\"https:\/\/www.toyo-led.com\/de\/success-cases\/\",\"url\":\"https:\/\/www.toyo-led.com\/de\/success-cases\/\",\"name\":\"Erfolgreiche Fallbeispiele - Toyo LED\",\"isPartOf\":{\"@id\":\"https:\/\/www.toyo-led.com\/de\/#website\"},\"datePublished\":\"2016-09-09T01:32:48+00:00\",\"dateModified\":\"2020-01-05T08:17:18+00:00\",\"description\":\"Protect your facility with security products . With thousands of security products available, This product is your source for trusted brands and\",\"breadcrumb\":{\"@id\":\"https:\/\/www.toyo-led.com\/de\/success-cases\/#breadcrumb\"},\"inLanguage\":\"de\",\"potentialAction\":[{\"@type\":\"ReadAction\",\"target\":[[\"https:\/\/www.toyo-led.com\/de\/success-cases\/\"]]}]},{\"@type\":\"BreadcrumbList\",\"@id\":\"https:\/\/www.toyo-led.com\/de\/success-cases\/#breadcrumb\",\"itemListElement\":[{\"@type\":\"ListItem\",\"position\":1,\"name\":\"Home\",\"item\":\"https:\/\/www.toyo-led.com\/de\/\"},{\"@type\":\"ListItem\",\"position\":2,\"name\":\"\u6210\u529f\u4f8b\u5b50\"}]},{\"@type\":\"WebSite\",\"@id\":\"https:\/\/www.toyo-led.com\/de\/#website\",\"url\":\"https:\/\/www.toyo-led.com\/de\/\",\"name\":\"Toyo LED\",\"description\":\"toyo led\",\"publisher\":{\"@id\":\"https:\/\/www.toyo-led.com\/de\/#organization\"},\"potentialAction\":[{\"@type\":\"SearchAction\",\"target\":{\"@type\":\"EntryPoint\",\"urlTemplate\":\"https:\/\/www.toyo-led.com\/de\/?s={search_term_string}\"},\"query-input\":{\"@type\":\"PropertyValueSpecification\",\"valueRequired\":true,\"valueName\":\"search_term_string\"}}],\"inLanguage\":\"de\"},{\"@type\":\"Organization\",\"@id\":\"https:\/\/www.toyo-led.com\/de\/#organization\",\"name\":\"TOYO LED ELECTRONICS Ltd.\",\"url\":\"https:\/\/www.toyo-led.com\/de\/\",\"logo\":{\"@type\":\"ImageObject\",\"inLanguage\":\"de\",\"@id\":\"https:\/\/www.toyo-led.com\/de\/#\/schema\/logo\/image\/\",\"url\":\"https:\/\/www.toyo-led.com\/wp-content\/uploads\/2025\/08\/\u672a\u547d\u540d\u8a2d\u8a08-37.png\",\"contentUrl\":\"https:\/\/www.toyo-led.com\/wp-content\/uploads\/2025\/08\/\u672a\u547d\u540d\u8a2d\u8a08-37.png\",\"width\":512,\"height\":512,\"caption\":\"TOYO LED ELECTRONICS Ltd.\"},\"image\":{\"@id\":\"https:\/\/www.toyo-led.com\/de\/#\/schema\/logo\/image\/\"},\"sameAs\":[\"https:\/\/www.facebook.com\/toyoled\",\"https:\/\/x.com\/TOYOLED\"]}]}<\/script>\n<!-- \/ Yoast SEO plugin. -->","yoast_head_json":{"title":"Erfolgreiche Fallbeispiele - Toyo LED","description":"Protect your facility with security products . With thousands of security products available, This product is your source for trusted brands and","robots":{"index":"index","follow":"follow","max-snippet":"max-snippet:-1","max-image-preview":"max-image-preview:large","max-video-preview":"max-video-preview:-1"},"canonical":"https:\/\/www.toyo-led.com\/de\/success-cases\/","og_locale":"de_DE","og_type":"article","og_title":"Erfolgreiche Fallbeispiele - Toyo LED","og_description":"Protect your facility with security products . With thousands of security products available, This product is your source for trusted brands and","og_url":"https:\/\/www.toyo-led.com\/de\/success-cases\/","og_site_name":"Toyo LED","article_publisher":"https:\/\/www.facebook.com\/toyoled","article_modified_time":"2020-01-05T08:17:18+00:00","twitter_card":"summary_large_image","twitter_site":"@TOYOLED","twitter_misc":{"Gesch\u00e4tzte Lesezeit":"6\u00a0Minuten"},"schema":{"@context":"https:\/\/schema.org","@graph":[{"@type":"WebPage","@id":"https:\/\/www.toyo-led.com\/de\/success-cases\/","url":"https:\/\/www.toyo-led.com\/de\/success-cases\/","name":"Erfolgreiche Fallbeispiele - Toyo LED","isPartOf":{"@id":"https:\/\/www.toyo-led.com\/de\/#website"},"datePublished":"2016-09-09T01:32:48+00:00","dateModified":"2020-01-05T08:17:18+00:00","description":"Protect your facility with security products . With thousands of security products available, This product is your source for trusted brands and","breadcrumb":{"@id":"https:\/\/www.toyo-led.com\/de\/success-cases\/#breadcrumb"},"inLanguage":"de","potentialAction":[{"@type":"ReadAction","target":[["https:\/\/www.toyo-led.com\/de\/success-cases\/"]]}]},{"@type":"BreadcrumbList","@id":"https:\/\/www.toyo-led.com\/de\/success-cases\/#breadcrumb","itemListElement":[{"@type":"ListItem","position":1,"name":"Home","item":"https:\/\/www.toyo-led.com\/de\/"},{"@type":"ListItem","position":2,"name":"\u6210\u529f\u4f8b\u5b50"}]},{"@type":"WebSite","@id":"https:\/\/www.toyo-led.com\/de\/#website","url":"https:\/\/www.toyo-led.com\/de\/","name":"Toyo LED","description":"toyo led","publisher":{"@id":"https:\/\/www.toyo-led.com\/de\/#organization"},"potentialAction":[{"@type":"SearchAction","target":{"@type":"EntryPoint","urlTemplate":"https:\/\/www.toyo-led.com\/de\/?s={search_term_string}"},"query-input":{"@type":"PropertyValueSpecification","valueRequired":true,"valueName":"search_term_string"}}],"inLanguage":"de"},{"@type":"Organization","@id":"https:\/\/www.toyo-led.com\/de\/#organization","name":"TOYO LED ELECTRONICS Ltd.","url":"https:\/\/www.toyo-led.com\/de\/","logo":{"@type":"ImageObject","inLanguage":"de","@id":"https:\/\/www.toyo-led.com\/de\/#\/schema\/logo\/image\/","url":"https:\/\/www.toyo-led.com\/wp-content\/uploads\/2025\/08\/\u672a\u547d\u540d\u8a2d\u8a08-37.png","contentUrl":"https:\/\/www.toyo-led.com\/wp-content\/uploads\/2025\/08\/\u672a\u547d\u540d\u8a2d\u8a08-37.png","width":512,"height":512,"caption":"TOYO LED ELECTRONICS Ltd."},"image":{"@id":"https:\/\/www.toyo-led.com\/de\/#\/schema\/logo\/image\/"},"sameAs":["https:\/\/www.facebook.com\/toyoled","https:\/\/x.com\/TOYOLED"]}]}},"_links":{"self":[{"href":"https:\/\/www.toyo-led.com\/de\/wp-json\/wp\/v2\/pages\/1583","targetHints":{"allow":["GET"]}}],"collection":[{"href":"https:\/\/www.toyo-led.com\/de\/wp-json\/wp\/v2\/pages"}],"about":[{"href":"https:\/\/www.toyo-led.com\/de\/wp-json\/wp\/v2\/types\/page"}],"author":[{"embeddable":true,"href":"https:\/\/www.toyo-led.com\/de\/wp-json\/wp\/v2\/users\/1"}],"replies":[{"embeddable":true,"href":"https:\/\/www.toyo-led.com\/de\/wp-json\/wp\/v2\/comments?post=1583"}],"version-history":[{"count":0,"href":"https:\/\/www.toyo-led.com\/de\/wp-json\/wp\/v2\/pages\/1583\/revisions"}],"wp:attachment":[{"href":"https:\/\/www.toyo-led.com\/de\/wp-json\/wp\/v2\/media?parent=1583"}],"curies":[{"name":"wp","href":"https:\/\/api.w.org\/{rel}","templated":true}]}}