{"id":1579,"date":"2016-09-09T01:30:30","date_gmt":"2016-09-09T01:30:30","guid":{"rendered":"http:\/\/www.toyo-led.com\/?page_id=1579"},"modified":"2026-02-02T11:34:40","modified_gmt":"2026-02-02T03:34:40","slug":"company-history","status":"publish","type":"page","link":"https:\/\/www.toyo-led.com\/de\/company-history\/","title":{"rendered":"Firmengeschichte"},"content":{"rendered":"<div class=\"wpb-content-wrapper\">[vc_row][vc_column][vc_custom_heading text=&#8220;Company History&#8220; font_container=&#8220;tag:h1|text_align:center&#8220; use_theme_fonts=&#8220;yes&#8220; sub_heading_tag=&#8220;h1&#8243; el_class=&#8220;own-title&#8220;][\/vc_column][\/vc_row][vc_row][vc_column][vc_column_text]\n<table width=\"968\">\n<tbody>\n<tr>\n<td width=\"86\">Jahr<\/td>\n<td width=\"882\">Ereignis<\/td>\n<\/tr>\n<tr>\n<td>1994<\/td>\n<td>TOYO wurde in Hongkong gegr\u00fcndet und die TOYO-Fabrik in Jieyang, China, errichtet<\/td>\n<\/tr>\n<tr>\n<td>1995 &#8211; 2000<\/td>\n<td>Produktion von LED-Displays<\/td>\n<\/tr>\n<tr>\n<td rowspan=\"3\">2001 &#8211; 2005<\/td>\n<td>TOYO LED Display durchlief eine stabile und reife Entwicklung<\/td>\n<\/tr>\n<tr>\n<td>TOYO richtete eine weitere Produktionslinie f\u00fcr LED-Lampen ein, um gr\u00f6\u00dfere Marktanteile zu gewinnen<\/td>\n<\/tr>\n<tr>\n<td>TOYO erhielt das ISO9001-Zertifikat<\/td>\n<\/tr>\n<tr>\n<td rowspan=\"7\">2006 &#8211; 2010<\/td>\n<td>TOYO nahm an der Global Sources (China Sourcing Fair: Hong Kong Electronics and Components) teil<\/td>\n<\/tr>\n<tr>\n<td>TOYO verlegte die Fabrik nach Huizhou, um zu expandieren, mit mehr automatisierten Produktionsmaschinen und verbesserten Einrichtungen<\/td>\n<\/tr>\n<tr>\n<td>CANON INC (JAPAN) besuchte die TOYO-Fabrik<\/td>\n<\/tr>\n<tr>\n<td>TOYO nahm an der Global Sources (China Sourcing Fair: Shanghai and Shenzhen Electronics and Components) teil<\/td>\n<\/tr>\n<tr>\n<td>Zur Marktentwicklung richtete TOYO zus\u00e4tzlich die Produktionslinie f\u00fcr LED SMD ein<\/td>\n<\/tr>\n<tr>\n<td>TOYO erhielt die SGS RoHS- und REACH-Zertifizierung f\u00fcr verschiedene Produkte<\/td>\n<\/tr>\n<tr>\n<td>TOYO erhielt die Genehmigung f\u00fcr LED-Lampen von SAMSUNG (Waschmaschinenabteilung und Klimaanlagenabteilung)<\/td>\n<\/tr>\n<tr>\n<td rowspan=\"4\">2011 &#8211; 2015<\/td>\n<td>TOYO nahm an der Electronica India 2011 in Neu-Delhi, Indien, teil<\/td>\n<\/tr>\n<tr>\n<td>TOYO nahm an der Expo Electronica 2012 in M\u00fcnchen, Deutschland, teil<\/td>\n<\/tr>\n<tr>\n<td>TOYO nahm an der Expo Electronica 2013 in Moskau, Russland, teil<\/td>\n<\/tr>\n<tr>\n<td>TOYO nahm an der Expo Electronica 2014 in M\u00fcnchen, Deutschland, teil<\/td>\n<\/tr>\n<tr>\n<td rowspan=\"4\">2016 &#8211; 2018<\/td>\n<td>TOYO nahm an der International Consumer Electronics Show 2016 (CES 2016 USA) in Las Vegas, USA, teil<\/td>\n<\/tr>\n<tr>\n<td>TOYO nahm an der Expo Electronica 2016 in M\u00fcnchen, Deutschland, teil<\/td>\n<\/tr>\n<tr>\n<td>TOYO nahm an der International Consumer Electronics Show 2018 (CES 2018 USA) in Las Vegas, USA, teil<\/td>\n<\/tr>\n<tr>\n<td>TOYO nahm an der Expo Electronica 2018 in M\u00fcnchen, Deutschland, teil<\/td>\n<\/tr>\n<tr>\n<td rowspan=\"2\">2019 &#8211; 2022<\/td>\n<td>TOYO erhielt 2022 die SGS-Zertifizierung \u201ePhotobiological Safety of Lamps and Lamp Systems\u201c<\/td>\n<\/tr>\n<tr>\n<td>TOYO setzte den Betrieb seiner Produktionslinien trotz der schweren globalen COVID-19-Pandemie fort<\/td>\n<\/tr>\n<tr>\n<td>2023<\/td>\n<td>TOYO nahm an der Thailand LED Expo 2023 in Bangkok, Thailand, teil<\/td>\n<\/tr>\n<tr>\n<td>2024<\/td>\n<td>TOYO nahm an der Taitronics und AIoT 2024 in Taipeh, Taiwan, teil<\/td>\n<\/tr>\n<tr>\n<td>2025<\/td>\n<td>TOYO nahm an der Electronica India 2025 teil<\/td>\n<\/tr>\n<\/tbody>\n<\/table>\n<p>&nbsp;\n<\/div>","protected":false},"excerpt":{"rendered":"<p>[vc_row][vc_column][vc_custom_heading text=&#8220;&#8230;<\/p>\n","protected":false},"author":1,"featured_media":0,"parent":0,"menu_order":0,"comment_status":"closed","ping_status":"closed","template":"","meta":{"_monsterinsights_skip_tracking":false,"_monsterinsights_sitenote_active":false,"_monsterinsights_sitenote_note":"","_monsterinsights_sitenote_category":0,"footnotes":""},"class_list":["post-1579","page","type-page","status-publish","hentry"],"yoast_head":"<!-- This site is optimized with the Yoast SEO plugin v25.9 - https:\/\/yoast.com\/wordpress\/plugins\/seo\/ -->\n<title>Firmengeschichte - Toyo LED<\/title>\n<meta name=\"description\" content=\"Year Issue 1994 TOYO established in Hong Kong and TOYO\u2019s factory in Jieyang, China 1995 - 2000 Production of LED Display 2001 - 2005 TOYO LED Display was\" \/>\n<meta name=\"robots\" content=\"index, follow, max-snippet:-1, max-image-preview:large, max-video-preview:-1\" \/>\n<link rel=\"canonical\" href=\"https:\/\/www.toyo-led.com\/de\/company-history\/\" \/>\n<meta property=\"og:locale\" content=\"de_DE\" \/>\n<meta property=\"og:type\" content=\"article\" \/>\n<meta property=\"og:title\" content=\"Firmengeschichte - Toyo LED\" \/>\n<meta property=\"og:description\" content=\"Year Issue 1994 TOYO established in Hong Kong and TOYO\u2019s factory in Jieyang, China 1995 - 2000 Production of LED Display 2001 - 2005 TOYO LED Display was\" \/>\n<meta property=\"og:url\" content=\"https:\/\/www.toyo-led.com\/de\/company-history\/\" \/>\n<meta property=\"og:site_name\" content=\"Toyo LED\" \/>\n<meta property=\"article:publisher\" content=\"https:\/\/www.facebook.com\/toyoled\" \/>\n<meta property=\"article:modified_time\" content=\"2026-02-02T03:34:40+00:00\" \/>\n<meta name=\"twitter:card\" content=\"summary_large_image\" \/>\n<meta name=\"twitter:site\" content=\"@TOYOLED\" \/>\n<meta name=\"twitter:label1\" content=\"Gesch\u00e4tzte Lesezeit\" \/>\n\t<meta name=\"twitter:data1\" content=\"2\u00a0Minuten\" \/>\n<script type=\"application\/ld+json\" class=\"yoast-schema-graph\">{\"@context\":\"https:\/\/schema.org\",\"@graph\":[{\"@type\":\"WebPage\",\"@id\":\"https:\/\/www.toyo-led.com\/de\/company-history\/\",\"url\":\"https:\/\/www.toyo-led.com\/de\/company-history\/\",\"name\":\"Firmengeschichte - Toyo LED\",\"isPartOf\":{\"@id\":\"https:\/\/www.toyo-led.com\/de\/#website\"},\"datePublished\":\"2016-09-09T01:30:30+00:00\",\"dateModified\":\"2026-02-02T03:34:40+00:00\",\"description\":\"Year Issue 1994 TOYO established in Hong Kong and TOYO\u2019s factory in Jieyang, China 1995 - 2000 Production of LED Display 2001 - 2005 TOYO LED Display was\",\"breadcrumb\":{\"@id\":\"https:\/\/www.toyo-led.com\/de\/company-history\/#breadcrumb\"},\"inLanguage\":\"de\",\"potentialAction\":[{\"@type\":\"ReadAction\",\"target\":[[\"https:\/\/www.toyo-led.com\/de\/company-history\/\"]]}]},{\"@type\":\"BreadcrumbList\",\"@id\":\"https:\/\/www.toyo-led.com\/de\/company-history\/#breadcrumb\",\"itemListElement\":[{\"@type\":\"ListItem\",\"position\":1,\"name\":\"Home\",\"item\":\"https:\/\/www.toyo-led.com\/de\/\"},{\"@type\":\"ListItem\",\"position\":2,\"name\":\"Company History\"}]},{\"@type\":\"WebSite\",\"@id\":\"https:\/\/www.toyo-led.com\/de\/#website\",\"url\":\"https:\/\/www.toyo-led.com\/de\/\",\"name\":\"Toyo LED\",\"description\":\"toyo led\",\"publisher\":{\"@id\":\"https:\/\/www.toyo-led.com\/de\/#organization\"},\"potentialAction\":[{\"@type\":\"SearchAction\",\"target\":{\"@type\":\"EntryPoint\",\"urlTemplate\":\"https:\/\/www.toyo-led.com\/de\/?s={search_term_string}\"},\"query-input\":{\"@type\":\"PropertyValueSpecification\",\"valueRequired\":true,\"valueName\":\"search_term_string\"}}],\"inLanguage\":\"de\"},{\"@type\":\"Organization\",\"@id\":\"https:\/\/www.toyo-led.com\/de\/#organization\",\"name\":\"TOYO LED ELECTRONICS Ltd.\",\"url\":\"https:\/\/www.toyo-led.com\/de\/\",\"logo\":{\"@type\":\"ImageObject\",\"inLanguage\":\"de\",\"@id\":\"https:\/\/www.toyo-led.com\/de\/#\/schema\/logo\/image\/\",\"url\":\"https:\/\/www.toyo-led.com\/wp-content\/uploads\/2025\/08\/\u672a\u547d\u540d\u8a2d\u8a08-37.png\",\"contentUrl\":\"https:\/\/www.toyo-led.com\/wp-content\/uploads\/2025\/08\/\u672a\u547d\u540d\u8a2d\u8a08-37.png\",\"width\":512,\"height\":512,\"caption\":\"TOYO LED ELECTRONICS Ltd.\"},\"image\":{\"@id\":\"https:\/\/www.toyo-led.com\/de\/#\/schema\/logo\/image\/\"},\"sameAs\":[\"https:\/\/www.facebook.com\/toyoled\",\"https:\/\/x.com\/TOYOLED\"]}]}<\/script>\n<!-- \/ Yoast SEO plugin. -->","yoast_head_json":{"title":"Firmengeschichte - Toyo LED","description":"Year Issue 1994 TOYO established in Hong Kong and TOYO\u2019s factory in Jieyang, China 1995 - 2000 Production of LED Display 2001 - 2005 TOYO LED Display was","robots":{"index":"index","follow":"follow","max-snippet":"max-snippet:-1","max-image-preview":"max-image-preview:large","max-video-preview":"max-video-preview:-1"},"canonical":"https:\/\/www.toyo-led.com\/de\/company-history\/","og_locale":"de_DE","og_type":"article","og_title":"Firmengeschichte - Toyo LED","og_description":"Year Issue 1994 TOYO established in Hong Kong and TOYO\u2019s factory in Jieyang, China 1995 - 2000 Production of LED Display 2001 - 2005 TOYO LED Display was","og_url":"https:\/\/www.toyo-led.com\/de\/company-history\/","og_site_name":"Toyo LED","article_publisher":"https:\/\/www.facebook.com\/toyoled","article_modified_time":"2026-02-02T03:34:40+00:00","twitter_card":"summary_large_image","twitter_site":"@TOYOLED","twitter_misc":{"Gesch\u00e4tzte Lesezeit":"2\u00a0Minuten"},"schema":{"@context":"https:\/\/schema.org","@graph":[{"@type":"WebPage","@id":"https:\/\/www.toyo-led.com\/de\/company-history\/","url":"https:\/\/www.toyo-led.com\/de\/company-history\/","name":"Firmengeschichte - Toyo LED","isPartOf":{"@id":"https:\/\/www.toyo-led.com\/de\/#website"},"datePublished":"2016-09-09T01:30:30+00:00","dateModified":"2026-02-02T03:34:40+00:00","description":"Year Issue 1994 TOYO established in Hong Kong and TOYO\u2019s factory in Jieyang, China 1995 - 2000 Production of LED Display 2001 - 2005 TOYO LED Display was","breadcrumb":{"@id":"https:\/\/www.toyo-led.com\/de\/company-history\/#breadcrumb"},"inLanguage":"de","potentialAction":[{"@type":"ReadAction","target":[["https:\/\/www.toyo-led.com\/de\/company-history\/"]]}]},{"@type":"BreadcrumbList","@id":"https:\/\/www.toyo-led.com\/de\/company-history\/#breadcrumb","itemListElement":[{"@type":"ListItem","position":1,"name":"Home","item":"https:\/\/www.toyo-led.com\/de\/"},{"@type":"ListItem","position":2,"name":"Company History"}]},{"@type":"WebSite","@id":"https:\/\/www.toyo-led.com\/de\/#website","url":"https:\/\/www.toyo-led.com\/de\/","name":"Toyo LED","description":"toyo led","publisher":{"@id":"https:\/\/www.toyo-led.com\/de\/#organization"},"potentialAction":[{"@type":"SearchAction","target":{"@type":"EntryPoint","urlTemplate":"https:\/\/www.toyo-led.com\/de\/?s={search_term_string}"},"query-input":{"@type":"PropertyValueSpecification","valueRequired":true,"valueName":"search_term_string"}}],"inLanguage":"de"},{"@type":"Organization","@id":"https:\/\/www.toyo-led.com\/de\/#organization","name":"TOYO LED ELECTRONICS Ltd.","url":"https:\/\/www.toyo-led.com\/de\/","logo":{"@type":"ImageObject","inLanguage":"de","@id":"https:\/\/www.toyo-led.com\/de\/#\/schema\/logo\/image\/","url":"https:\/\/www.toyo-led.com\/wp-content\/uploads\/2025\/08\/\u672a\u547d\u540d\u8a2d\u8a08-37.png","contentUrl":"https:\/\/www.toyo-led.com\/wp-content\/uploads\/2025\/08\/\u672a\u547d\u540d\u8a2d\u8a08-37.png","width":512,"height":512,"caption":"TOYO LED ELECTRONICS Ltd."},"image":{"@id":"https:\/\/www.toyo-led.com\/de\/#\/schema\/logo\/image\/"},"sameAs":["https:\/\/www.facebook.com\/toyoled","https:\/\/x.com\/TOYOLED"]}]}},"_links":{"self":[{"href":"https:\/\/www.toyo-led.com\/de\/wp-json\/wp\/v2\/pages\/1579","targetHints":{"allow":["GET"]}}],"collection":[{"href":"https:\/\/www.toyo-led.com\/de\/wp-json\/wp\/v2\/pages"}],"about":[{"href":"https:\/\/www.toyo-led.com\/de\/wp-json\/wp\/v2\/types\/page"}],"author":[{"embeddable":true,"href":"https:\/\/www.toyo-led.com\/de\/wp-json\/wp\/v2\/users\/1"}],"replies":[{"embeddable":true,"href":"https:\/\/www.toyo-led.com\/de\/wp-json\/wp\/v2\/comments?post=1579"}],"version-history":[{"count":0,"href":"https:\/\/www.toyo-led.com\/de\/wp-json\/wp\/v2\/pages\/1579\/revisions"}],"wp:attachment":[{"href":"https:\/\/www.toyo-led.com\/de\/wp-json\/wp\/v2\/media?parent=1579"}],"curies":[{"name":"wp","href":"https:\/\/api.w.org\/{rel}","templated":true}]}}