{"id":1567,"date":"2016-09-08T09:42:56","date_gmt":"2016-09-08T09:42:56","guid":{"rendered":"http:\/\/www.toyo-led.com\/?page_id=1567"},"modified":"2025-07-03T10:06:02","modified_gmt":"2025-07-03T02:06:02","slug":"company-profile","status":"publish","type":"page","link":"https:\/\/www.toyo-led.com\/de\/company-profile\/","title":{"rendered":"Unternehmensprofil"},"content":{"rendered":"<div class=\"wpb-content-wrapper\">[vc_row][vc_column][vc_custom_heading source=&#8220;post_title&#8220; font_container=&#8220;tag:h1|text_align:center&#8220; use_theme_fonts=&#8220;yes&#8220; sub_heading_tag=&#8220;h1&#8243; el_class=&#8220;own-title&#8220;][\/vc_column][\/vc_row][vc_row][vc_column][vc_column_text]\n<p>&nbsp;<\/p>\n<p><img loading=\"lazy\" decoding=\"async\" class=\"alignnone wp-image-4952 size-medium\" src=\"https:\/\/www.toyo-led.com\/wp-content\/uploads\/2023\/09\/TOYO-FACTORY-300x213.jpg\" alt=\"\" width=\"300\" height=\"213\" srcset=\"https:\/\/www.toyo-led.com\/wp-content\/uploads\/2023\/09\/TOYO-FACTORY-300x213.jpg 300w, https:\/\/www.toyo-led.com\/wp-content\/uploads\/2023\/09\/TOYO-FACTORY-600x426.jpg 600w, https:\/\/www.toyo-led.com\/wp-content\/uploads\/2023\/09\/TOYO-FACTORY.jpg 731w\" sizes=\"auto, (max-width: 300px) 100vw, 300px\" \/><\/p>\n<p><span style=\"font-weight: 400;\">TOYO LED Electronics Ltd. ist ein erfahrener Hersteller von LED-Komponenten. Wir sind seit \u00fcber 2 Jahrzehnten spezialisiert auf die Herstellung von Durchsteckleuchten, LED SMD, PLCC, LED 7-Segmentanzeigen, Dot-Matrix, Full-Color Dot-Matrix.<\/span><\/p>\n<p><span style=\"font-weight: 400;\">Wir haben unsere Marktabdeckung weltweit auf Nord- und S\u00fcdamerika, West- und Osteuropa, Afrika, Russland, Australien, Korea, Japan, Singapur, Malaysia usw. ausgedehnt. Dank unseren hochwertigen Produkten und Dienstleistungen steigt unser Wachstum seit den letzten 10 Jahren kontinuierlich.<\/span><\/p>\n<p><span style=\"font-weight: 400;\">Unsere Fabrik befindet sich in Guangdong in China und ist seit 1994 mit vollst\u00e4ndig computergesteuerten Maschinen ausgestattet.<\/span><\/p>\n<p>&nbsp;<\/p>\n<p><span style=\"font-weight: 400;\">Wir bieten unseren Kunden OEM- und ODM-Dienstleistungen an:<\/span><\/p>\n<ul style=\"list-style-type: disc;\">\n<li><span style=\"font-weight: 400;\">LED-Anzeige &#8211; 26KK Einheiten \/ Monat<\/span><\/li>\n<li><span style=\"font-weight: 400;\">LED-Durchgangsleuchte &#8211; 8KK Einheiten \/ Monat<\/span><\/li>\n<li><span style=\"font-weight: 400;\">LED SMD-Lampe &#8211; 4KK Einheiten \/ Monat<\/span><\/li>\n<\/ul>\n<p><span style=\"font-weight: 400;\">Unsere Produkte genie\u00dfen bei unseren Kunden einen guten Ruf mit ausgezeichneten Referenzen f\u00fcr unsere Produktzuverl\u00e4ssigkeit und eine lange Lebensdauer.<\/span><\/p>\n<p><span style=\"font-weight: 400;\">Dar\u00fcber hinaus verf\u00fcgen wir \u00fcber eine eigene Forschungs- und Entwicklungsabteilung (F&amp;E) und investieren in Talente und fortschrittliche Maschinen, um unsere Wettbewerbsf\u00e4higkeit zu erhalten:<\/span><\/p>\n<ul style=\"list-style-type: disc;\">\n<li><span style=\"font-weight: 400;\">Eigene Fabrik zur Kontrolle g\u00fcnstigster Herstellungskosten<\/span><\/li>\n<li><span style=\"font-weight: 400;\">Hochwertige LED-Chips aus Japan und Taiwan<\/span><\/li>\n<li><span style=\"font-weight: 400;\">Automatischer High Speed W\u00fcrfel- und Drahtbinder f\u00fcr schnelle Produktion<\/span><\/li>\n<li><span style=\"font-weight: 400;\">Vollfunktionale LED-Tester und Instrumente f\u00fcr umfassende Qualit\u00e4tskontrolle<\/span><\/li>\n<\/ul>\n<p><span style=\"font-weight: 400;\">Unser Team von kompetenten Ingenieuren in der F&amp;E-Abteilung verbessert die Technologie, erfahrene Techniker, Arbeiter und Mitarbeiter sorgen f\u00fcr Professionalit\u00e4t und schnelle Lieferzeiten.<\/span><\/p>\n<p><span style=\"font-weight: 400;\">Internationale Zertifikate wie CE, RoHS, REACH<\/span>.<\/p>\n[\/vc_column_text][\/vc_column][\/vc_row]\n<\/div>","protected":false},"excerpt":{"rendered":"<p>[vc_row][vc_column][vc_custom_heading source=&#038;#822&#8230;<\/p>\n","protected":false},"author":1,"featured_media":0,"parent":0,"menu_order":0,"comment_status":"closed","ping_status":"closed","template":"","meta":{"_monsterinsights_skip_tracking":false,"_monsterinsights_sitenote_active":false,"_monsterinsights_sitenote_note":"","_monsterinsights_sitenote_category":0,"footnotes":""},"class_list":["post-1567","page","type-page","status-publish","hentry"],"yoast_head":"<!-- This site is optimized with the Yoast SEO plugin v25.9 - https:\/\/yoast.com\/wordpress\/plugins\/seo\/ -->\n<title>Unternehmensprofil - Toyo LED<\/title>\n<meta name=\"description\" content=\"TOYO LED Electronics Limited was founded in 1994 and is an experienced Light Emitting Diode (LED) component manufacturer for 30 years. We specialize in\" \/>\n<meta name=\"robots\" content=\"index, follow, max-snippet:-1, max-image-preview:large, max-video-preview:-1\" \/>\n<link rel=\"canonical\" href=\"https:\/\/www.toyo-led.com\/de\/company-profile\/\" \/>\n<meta property=\"og:locale\" content=\"de_DE\" \/>\n<meta property=\"og:type\" content=\"article\" \/>\n<meta property=\"og:title\" content=\"Unternehmensprofil - Toyo LED\" \/>\n<meta property=\"og:description\" content=\"TOYO LED Electronics Limited was founded in 1994 and is an experienced Light Emitting Diode (LED) component manufacturer for 30 years. We specialize in\" \/>\n<meta property=\"og:url\" content=\"https:\/\/www.toyo-led.com\/de\/company-profile\/\" \/>\n<meta property=\"og:site_name\" content=\"Toyo LED\" \/>\n<meta property=\"article:publisher\" content=\"https:\/\/www.facebook.com\/toyoled\" \/>\n<meta property=\"article:modified_time\" content=\"2025-07-03T02:06:02+00:00\" \/>\n<meta property=\"og:image\" content=\"https:\/\/www.toyo-led.com\/wp-content\/uploads\/2023\/09\/TOYO-FACTORY-300x213.jpg\" \/>\n<meta name=\"twitter:card\" content=\"summary_large_image\" \/>\n<meta name=\"twitter:site\" content=\"@TOYOLED\" \/>\n<meta name=\"twitter:label1\" content=\"Gesch\u00e4tzte Lesezeit\" \/>\n\t<meta name=\"twitter:data1\" content=\"3\u00a0Minuten\" \/>\n<script type=\"application\/ld+json\" class=\"yoast-schema-graph\">{\"@context\":\"https:\/\/schema.org\",\"@graph\":[{\"@type\":\"WebPage\",\"@id\":\"https:\/\/www.toyo-led.com\/de\/company-profile\/\",\"url\":\"https:\/\/www.toyo-led.com\/de\/company-profile\/\",\"name\":\"Unternehmensprofil - Toyo LED\",\"isPartOf\":{\"@id\":\"https:\/\/www.toyo-led.com\/de\/#website\"},\"primaryImageOfPage\":{\"@id\":\"https:\/\/www.toyo-led.com\/de\/company-profile\/#primaryimage\"},\"image\":{\"@id\":\"https:\/\/www.toyo-led.com\/en\/company-profile\/#primaryimage\"},\"thumbnailUrl\":\"https:\/\/www.toyo-led.com\/wp-content\/uploads\/2023\/09\/TOYO-FACTORY-300x213.jpg\",\"datePublished\":\"2016-09-08T09:42:56+00:00\",\"dateModified\":\"2025-07-03T02:06:02+00:00\",\"description\":\"TOYO LED Electronics Limited was founded in 1994 and is an experienced Light Emitting Diode (LED) component manufacturer for 30 years. We specialize in\",\"breadcrumb\":{\"@id\":\"https:\/\/www.toyo-led.com\/de\/company-profile\/#breadcrumb\"},\"inLanguage\":\"de\",\"potentialAction\":[{\"@type\":\"ReadAction\",\"target\":[[\"https:\/\/www.toyo-led.com\/de\/company-profile\/\"]]}]},{\"@type\":\"ImageObject\",\"inLanguage\":\"de\",\"@id\":\"https:\/\/www.toyo-led.com\/de\/company-profile\/#primaryimage\",\"url\":\"https:\/\/www.toyo-led.com\/wp-content\/uploads\/2023\/09\/TOYO-FACTORY-300x213.jpg\",\"contentUrl\":\"https:\/\/www.toyo-led.com\/wp-content\/uploads\/2023\/09\/TOYO-FACTORY-300x213.jpg\"},{\"@type\":\"BreadcrumbList\",\"@id\":\"https:\/\/www.toyo-led.com\/de\/company-profile\/#breadcrumb\",\"itemListElement\":[{\"@type\":\"ListItem\",\"position\":1,\"name\":\"Home\",\"item\":\"https:\/\/www.toyo-led.com\/de\/\"},{\"@type\":\"ListItem\",\"position\":2,\"name\":\"Company Profile\"}]},{\"@type\":\"WebSite\",\"@id\":\"https:\/\/www.toyo-led.com\/de\/#website\",\"url\":\"https:\/\/www.toyo-led.com\/de\/\",\"name\":\"Toyo LED\",\"description\":\"toyo led\",\"publisher\":{\"@id\":\"https:\/\/www.toyo-led.com\/de\/#organization\"},\"potentialAction\":[{\"@type\":\"SearchAction\",\"target\":{\"@type\":\"EntryPoint\",\"urlTemplate\":\"https:\/\/www.toyo-led.com\/de\/?s={search_term_string}\"},\"query-input\":{\"@type\":\"PropertyValueSpecification\",\"valueRequired\":true,\"valueName\":\"search_term_string\"}}],\"inLanguage\":\"de\"},{\"@type\":\"Organization\",\"@id\":\"https:\/\/www.toyo-led.com\/de\/#organization\",\"name\":\"TOYO LED ELECTRONICS Ltd.\",\"url\":\"https:\/\/www.toyo-led.com\/de\/\",\"logo\":{\"@type\":\"ImageObject\",\"inLanguage\":\"de\",\"@id\":\"https:\/\/www.toyo-led.com\/de\/#\/schema\/logo\/image\/\",\"url\":\"https:\/\/www.toyo-led.com\/wp-content\/uploads\/2025\/08\/\u672a\u547d\u540d\u8a2d\u8a08-37.png\",\"contentUrl\":\"https:\/\/www.toyo-led.com\/wp-content\/uploads\/2025\/08\/\u672a\u547d\u540d\u8a2d\u8a08-37.png\",\"width\":512,\"height\":512,\"caption\":\"TOYO LED ELECTRONICS Ltd.\"},\"image\":{\"@id\":\"https:\/\/www.toyo-led.com\/de\/#\/schema\/logo\/image\/\"},\"sameAs\":[\"https:\/\/www.facebook.com\/toyoled\",\"https:\/\/x.com\/TOYOLED\"]}]}<\/script>\n<!-- \/ Yoast SEO plugin. -->","yoast_head_json":{"title":"Unternehmensprofil - Toyo LED","description":"TOYO LED Electronics Limited was founded in 1994 and is an experienced Light Emitting Diode (LED) component manufacturer for 30 years. We specialize in","robots":{"index":"index","follow":"follow","max-snippet":"max-snippet:-1","max-image-preview":"max-image-preview:large","max-video-preview":"max-video-preview:-1"},"canonical":"https:\/\/www.toyo-led.com\/de\/company-profile\/","og_locale":"de_DE","og_type":"article","og_title":"Unternehmensprofil - Toyo LED","og_description":"TOYO LED Electronics Limited was founded in 1994 and is an experienced Light Emitting Diode (LED) component manufacturer for 30 years. We specialize in","og_url":"https:\/\/www.toyo-led.com\/de\/company-profile\/","og_site_name":"Toyo LED","article_publisher":"https:\/\/www.facebook.com\/toyoled","article_modified_time":"2025-07-03T02:06:02+00:00","og_image":[{"url":"https:\/\/www.toyo-led.com\/wp-content\/uploads\/2023\/09\/TOYO-FACTORY-300x213.jpg","type":"","width":"","height":""}],"twitter_card":"summary_large_image","twitter_site":"@TOYOLED","twitter_misc":{"Gesch\u00e4tzte Lesezeit":"3\u00a0Minuten"},"schema":{"@context":"https:\/\/schema.org","@graph":[{"@type":"WebPage","@id":"https:\/\/www.toyo-led.com\/de\/company-profile\/","url":"https:\/\/www.toyo-led.com\/de\/company-profile\/","name":"Unternehmensprofil - Toyo LED","isPartOf":{"@id":"https:\/\/www.toyo-led.com\/de\/#website"},"primaryImageOfPage":{"@id":"https:\/\/www.toyo-led.com\/de\/company-profile\/#primaryimage"},"image":{"@id":"https:\/\/www.toyo-led.com\/en\/company-profile\/#primaryimage"},"thumbnailUrl":"https:\/\/www.toyo-led.com\/wp-content\/uploads\/2023\/09\/TOYO-FACTORY-300x213.jpg","datePublished":"2016-09-08T09:42:56+00:00","dateModified":"2025-07-03T02:06:02+00:00","description":"TOYO LED Electronics Limited was founded in 1994 and is an experienced Light Emitting Diode (LED) component manufacturer for 30 years. We specialize in","breadcrumb":{"@id":"https:\/\/www.toyo-led.com\/de\/company-profile\/#breadcrumb"},"inLanguage":"de","potentialAction":[{"@type":"ReadAction","target":[["https:\/\/www.toyo-led.com\/de\/company-profile\/"]]}]},{"@type":"ImageObject","inLanguage":"de","@id":"https:\/\/www.toyo-led.com\/de\/company-profile\/#primaryimage","url":"https:\/\/www.toyo-led.com\/wp-content\/uploads\/2023\/09\/TOYO-FACTORY-300x213.jpg","contentUrl":"https:\/\/www.toyo-led.com\/wp-content\/uploads\/2023\/09\/TOYO-FACTORY-300x213.jpg"},{"@type":"BreadcrumbList","@id":"https:\/\/www.toyo-led.com\/de\/company-profile\/#breadcrumb","itemListElement":[{"@type":"ListItem","position":1,"name":"Home","item":"https:\/\/www.toyo-led.com\/de\/"},{"@type":"ListItem","position":2,"name":"Company Profile"}]},{"@type":"WebSite","@id":"https:\/\/www.toyo-led.com\/de\/#website","url":"https:\/\/www.toyo-led.com\/de\/","name":"Toyo LED","description":"toyo led","publisher":{"@id":"https:\/\/www.toyo-led.com\/de\/#organization"},"potentialAction":[{"@type":"SearchAction","target":{"@type":"EntryPoint","urlTemplate":"https:\/\/www.toyo-led.com\/de\/?s={search_term_string}"},"query-input":{"@type":"PropertyValueSpecification","valueRequired":true,"valueName":"search_term_string"}}],"inLanguage":"de"},{"@type":"Organization","@id":"https:\/\/www.toyo-led.com\/de\/#organization","name":"TOYO LED ELECTRONICS Ltd.","url":"https:\/\/www.toyo-led.com\/de\/","logo":{"@type":"ImageObject","inLanguage":"de","@id":"https:\/\/www.toyo-led.com\/de\/#\/schema\/logo\/image\/","url":"https:\/\/www.toyo-led.com\/wp-content\/uploads\/2025\/08\/\u672a\u547d\u540d\u8a2d\u8a08-37.png","contentUrl":"https:\/\/www.toyo-led.com\/wp-content\/uploads\/2025\/08\/\u672a\u547d\u540d\u8a2d\u8a08-37.png","width":512,"height":512,"caption":"TOYO LED ELECTRONICS Ltd."},"image":{"@id":"https:\/\/www.toyo-led.com\/de\/#\/schema\/logo\/image\/"},"sameAs":["https:\/\/www.facebook.com\/toyoled","https:\/\/x.com\/TOYOLED"]}]}},"_links":{"self":[{"href":"https:\/\/www.toyo-led.com\/de\/wp-json\/wp\/v2\/pages\/1567","targetHints":{"allow":["GET"]}}],"collection":[{"href":"https:\/\/www.toyo-led.com\/de\/wp-json\/wp\/v2\/pages"}],"about":[{"href":"https:\/\/www.toyo-led.com\/de\/wp-json\/wp\/v2\/types\/page"}],"author":[{"embeddable":true,"href":"https:\/\/www.toyo-led.com\/de\/wp-json\/wp\/v2\/users\/1"}],"replies":[{"embeddable":true,"href":"https:\/\/www.toyo-led.com\/de\/wp-json\/wp\/v2\/comments?post=1567"}],"version-history":[{"count":0,"href":"https:\/\/www.toyo-led.com\/de\/wp-json\/wp\/v2\/pages\/1567\/revisions"}],"wp:attachment":[{"href":"https:\/\/www.toyo-led.com\/de\/wp-json\/wp\/v2\/media?parent=1567"}],"curies":[{"name":"wp","href":"https:\/\/api.w.org\/{rel}","templated":true}]}}